{"id":2766,"date":"2018-10-05T23:36:10","date_gmt":"2018-10-05T22:36:10","guid":{"rendered":"http:\/\/www.moulins-badvilbel.de\/?page_id=2766"},"modified":"2024-04-12T11:35:45","modified_gmt":"2024-04-12T10:35:45","slug":"beitrittserklaerung-datenschutzerklaerung","status":"publish","type":"page","link":"https:\/\/www.moulins-badvilbel.de\/?page_id=2766","title":{"rendered":"Beitrittserkl\u00e4rung + Datenschutzerkl\u00e4rung"},"content":{"rendered":"<p>Hier findet sich die Beitrittserkl\u00e4rung sowie die Datenschutzerkl\u00e4rung<\/p>\n<p><strong><span style=\"color: #3366ff;\">Beitrittserkl\u00e4rung<\/span><\/strong><\/p>\n<p><a href=\"https:\/\/www.moulins-badvilbel.de\/?attachment_id=3191\" rel=\"attachment wp-att-3191\"><img fetchpriority=\"high\" decoding=\"async\" data-attachment-id=\"3191\" data-permalink=\"https:\/\/www.moulins-badvilbel.de\/?attachment_id=3191\" data-orig-file=\"https:\/\/www.moulins-badvilbel.de\/wp-content\/uploads\/2024\/04\/Beitrittserklaerung_2024_DSGVO.png\" data-orig-size=\"595,841\" data-comments-opened=\"0\" data-image-meta=\"{&quot;aperture&quot;:&quot;0&quot;,&quot;credit&quot;:&quot;&quot;,&quot;camera&quot;:&quot;&quot;,&quot;caption&quot;:&quot;&quot;,&quot;created_timestamp&quot;:&quot;0&quot;,&quot;copyright&quot;:&quot;&quot;,&quot;focal_length&quot;:&quot;0&quot;,&quot;iso&quot;:&quot;0&quot;,&quot;shutter_speed&quot;:&quot;0&quot;,&quot;title&quot;:&quot;&quot;,&quot;orientation&quot;:&quot;0&quot;}\" data-image-title=\"Beitrittserkla\u0308rung_2024_DSGVO\" data-image-description=\"\" data-image-caption=\"\" data-medium-file=\"https:\/\/www.moulins-badvilbel.de\/wp-content\/uploads\/2024\/04\/Beitrittserklaerung_2024_DSGVO-212x300.png\" data-large-file=\"https:\/\/www.moulins-badvilbel.de\/wp-content\/uploads\/2024\/04\/Beitrittserklaerung_2024_DSGVO.png\" class=\"alignnone size-full wp-image-3191\" src=\"https:\/\/www.moulins-badvilbel.de\/wp-content\/uploads\/2024\/04\/Beitrittserklaerung_2024_DSGVO.png\" alt=\"\" width=\"595\" height=\"841\" srcset=\"https:\/\/www.moulins-badvilbel.de\/wp-content\/uploads\/2024\/04\/Beitrittserklaerung_2024_DSGVO.png 595w, https:\/\/www.moulins-badvilbel.de\/wp-content\/uploads\/2024\/04\/Beitrittserklaerung_2024_DSGVO-212x300.png 212w\" sizes=\"(max-width: 595px) 100vw, 595px\" \/><\/a><\/p>\n<p>&nbsp;<\/p>\n<div class=\"page\" title=\"Page 1\">\n<div class=\"layoutArea\">\n<div class=\"column\">\n<p><span style=\"color: #ff6600;\"><strong>Datenschutzerkla\u0308rung Partnerschaftsverein Moulins \u2013 Bad Vilbel e. V.<\/strong><\/span><\/p>\n<p>Informationspflicht bei Erhebung von personenbezogenen Daten gema\u0308\u00df Art. 13 DS-GVO<\/p>\n<p><strong>1. Name und Kontaktdaten des Verantwortlichen sowie gegebenenfalls seines Vertreters<\/strong><\/p>\n<p>Verantwortlicher im Sinne des Art. 13 Abs. 1 lit. a) DS-GVO ist der\/die Vorsitzende: Susanne Kreuzer, Hans-Kudlich-Stra\u00dfe3, 61118 Bad Vilbel, Tel.: 06101\/802820<br \/>\nE-Mail: Vorstand: Susanne.Kreuzer@moulins-badvilbel.de<\/p>\n<p>Stellvertretende Vorsitzende:<br \/>\nLuitgard Ehrbeck, Pfarrwiese 26, 61118 Bad Vilbel, Tel.: 06101\/7381<\/p>\n<p><strong>2. Kontaktdaten des Datenschutzbeauftragten<\/strong><br \/>\nentfa\u0308llt \/ Vereinsverwaltung obliegt nur 3 Vorstandsmitgliedern.<\/p>\n<p><strong>3. Zwecke und Rechtsgrundlage der Verarbeitung<\/strong><\/p>\n<p>Der Partnerschaftsverein Moulins \u2013 Bad Vilbel e. V. verarbeitet folgende personenbezogene Daten: Zum Zwecke der Mitgliederverwaltung werden der Name, Vorname, die Anschrift, Die Telefonnummer und \u2013 sofern angegeben \u2013 die Mail-Adresse verarbeitet.<\/p>\n<p>Die Rechtsgrundlage hierfu\u0308r ist Art. 6 Abs. 1 S. 1 lit. b) DS-GVO.<br \/>\nZum Zwecke der Beitragsverwaltung wird die Bankverbindung verarbeitet Die Rechtsgrundlage hierfu\u0308r ist Art. 6 Abs. 1 S. 1 lit. b) DS-GVO.<\/p>\n<p><strong>4. Berechtigte Interessen des Vereins<\/strong><\/p>\n<p>Der Partnerschaftsverein u\u0308bermittelt ohne vertragliche oder sonstige Verpflichtung auf freiwilliger Basis Daten der Mitglieder, die sich fu\u0308r den ja\u0308hrlichen Austausch mit der Partnerstadt Moulins zu den gegenseitigen Besuchen anmelden. U\u0308bermittelt wird an das Comite\u0301 de Jumelage in Moulins der Name, Vorname, die Anschrift und die Telefonnummer der am Austausch teilnehmenden Personen.<\/p>\n<\/div>\n<\/div>\n<\/div>\n<div class=\"page\" title=\"Page 2\">\n<div class=\"layoutArea\">\n<div class=\"column\">\n<p><strong>5. Empfa\u0308nger der personenbezogenen Daten<\/strong><\/p>\n<p>Comite\u0301 de Jumelage<br \/>\nVorsitzende: Denise Fresse, E-Mail-Adresse: denise-fresse@orange.fr<\/p>\n<p><strong>6. Drittlandstransfer <\/strong><\/p>\n<p>entfa\u0308llt<\/p>\n<p><strong>7. Speicherdauer<\/strong><\/p>\n<p>Die fu\u0308r die Mitgliederverwaltung notwendigen Daten (Name, Vorname, Anschrift, Telefonnummer, sofern genannt E-Mail-Adresse) werden 2 Jahre nach Beendigung der Vereinsmitgliedschaft gelo\u0308scht.<\/p>\n<p>Die fu\u0308r die die Beitragsverwaltung notwendigen Daten (Name, Vorname, Bankverbindung) werden nach 10 Jahren gelo\u0308scht.<\/p>\n<p>Im Falle des Widerrufs der Einwilligung werden die Daten unverzu\u0308glich gelo\u0308scht.<\/p>\n<p><strong>8. Betroffenenrechte<\/strong><\/p>\n<p>Dem Vereinsmitglied steht ein Recht auf Auskunft (Art. 15 DS-GVO) sowie ein Recht auf Berichtigung (Art. 16 DS-GVO) oder Lo\u0308schung (Art. 17 DS-GVO) oder auf Einschra\u0308nkung der Verarbeitung (Art. 18 DS-GVO) oder ein Recht auf Widerspruch gegen die Verarbeitung (Art. 21 DS-GVO) sowie ein Recht auf Datenu\u0308bertragbarkeit (Art. 20 DS-GVO) zu.<\/p>\n<p>Das Vereinsmitglied hat das Recht, seine datenschutzrechtliche Einwilligungserkla\u0308rung jederzeit zu widerrufen. Durch den Widerruf der Einwilligung wird die Rechtma\u0308\u00dfigkeit der aufgrund der Einwilligung bis zum Widerruf erfolgten Verarbeitung nicht beru\u0308hrt.<\/p>\n<p>Dem Vereinsmitglied steht ferner ein Beschwerderecht bei einer Datenschutz-Aufsichtsbeho\u0308rde zu.<\/p>\n<p><strong>9. Pflicht zur Bereitstellung der Daten<\/strong><\/p>\n<p>Die Bereitstellung erfolgt durch das Einreichen der vollsta\u0308ndig ausgefu\u0308llten Beitragserkla\u0308rung.<\/p>\n<\/div>\n<\/div>\n<div class=\"layoutArea\">\n<div class=\"column\">\n<p>&nbsp;<\/p>\n<\/div>\n<\/div>\n<\/div>\n","protected":false},"excerpt":{"rendered":"<p>Hier findet sich die Beitrittserkl\u00e4rung sowie die Datenschutzerkl\u00e4rung Beitrittserkl\u00e4rung &nbsp; Datenschutzerkla\u0308rung Partnerschaftsverein Moulins \u2013 Bad Vilbel e. V. Informationspflicht bei Erhebung von personenbezogenen Daten gema\u0308\u00df Art. 13 DS-GVO 1. Name und Kontaktdaten des Verantwortlichen sowie gegebenenfalls seines Vertreters Verantwortlicher im Sinne des Art. 13 Abs. 1 lit. a) DS-GVO ist der\/die Vorsitzende: Susanne Kreuzer, Hans-Kudlich-Stra\u00dfe3, [&hellip;]<\/p>\n","protected":false},"author":1,"featured_media":0,"parent":0,"menu_order":0,"comment_status":"closed","ping_status":"closed","template":"","meta":{"ngg_post_thumbnail":0,"footnotes":""},"class_list":["post-2766","page","type-page","status-publish","hentry"],"jetpack_shortlink":"https:\/\/wp.me\/P2eGg5-IC","jetpack_sharing_enabled":true,"publishpress_future_action":{"enabled":false,"date":"2026-04-22 07:14:34","action":"change-status","newStatus":"draft","terms":[],"taxonomy":"","extraData":[]},"publishpress_future_workflow_manual_trigger":{"enabledWorkflows":[]},"_links":{"self":[{"href":"https:\/\/www.moulins-badvilbel.de\/index.php?rest_route=\/wp\/v2\/pages\/2766","targetHints":{"allow":["GET"]}}],"collection":[{"href":"https:\/\/www.moulins-badvilbel.de\/index.php?rest_route=\/wp\/v2\/pages"}],"about":[{"href":"https:\/\/www.moulins-badvilbel.de\/index.php?rest_route=\/wp\/v2\/types\/page"}],"author":[{"embeddable":true,"href":"https:\/\/www.moulins-badvilbel.de\/index.php?rest_route=\/wp\/v2\/users\/1"}],"replies":[{"embeddable":true,"href":"https:\/\/www.moulins-badvilbel.de\/index.php?rest_route=%2Fwp%2Fv2%2Fcomments&post=2766"}],"version-history":[{"count":8,"href":"https:\/\/www.moulins-badvilbel.de\/index.php?rest_route=\/wp\/v2\/pages\/2766\/revisions"}],"predecessor-version":[{"id":3192,"href":"https:\/\/www.moulins-badvilbel.de\/index.php?rest_route=\/wp\/v2\/pages\/2766\/revisions\/3192"}],"wp:attachment":[{"href":"https:\/\/www.moulins-badvilbel.de\/index.php?rest_route=%2Fwp%2Fv2%2Fmedia&parent=2766"}],"curies":[{"name":"wp","href":"https:\/\/api.w.org\/{rel}","templated":true}]}}