{"id":2611,"date":"2017-12-01T00:21:42","date_gmt":"2017-11-30T23:21:42","guid":{"rendered":"http:\/\/www.moulins-badvilbel.de\/?page_id=2611"},"modified":"2017-12-01T00:21:42","modified_gmt":"2017-11-30T23:21:42","slug":"ein-abend-voller-chansons","status":"publish","type":"page","link":"https:\/\/www.moulins-badvilbel.de\/?page_id=2611","title":{"rendered":"Ein Abend voller Chansons"},"content":{"rendered":"<p>Die Veranstaltung des Partnerschaftsvereines Moulins-Bad Vilbel am 18.11.2017 hat nachhaltig beeindruckt.<br \/>\nDie Sch\u00fclerinnen und Sch\u00fcler der Freien Waldorfschule Frankfurt am Main pr\u00e4sentierten erinen wundervollen Chanson-Abend.<br \/>\nGrund genug, mit den nachfolgenden Fotos und einem kurzem Video noch einmal daran zu erinnern.<\/p>\n<div class=\"jetpack-video-wrapper\"><iframe title=\"Freie Waldorfschule Frankfurt am Main\" width=\"640\" height=\"360\" src=\"https:\/\/www.youtube.com\/embed\/LrERJH_dk4g?feature=oembed\" frameborder=\"0\" allow=\"accelerometer; autoplay; clipboard-write; encrypted-media; gyroscope; picture-in-picture; web-share\" referrerpolicy=\"strict-origin-when-cross-origin\" allowfullscreen><\/iframe><\/div>\n<p class=\"jetpack-slideshow-noscript robots-nocontent\">Diese Diashow ben\u00f6tigt JavaScript.<\/p><div id=\"gallery-2611-1-slideshow\" class=\"jetpack-slideshow-window jetpack-slideshow jetpack-slideshow-black\" data-trans=\"fade\" data-autostart=\"1\" data-gallery=\"[{&quot;src&quot;:&quot;https:\\\/\\\/www.moulins-badvilbel.de\\\/wp-content\\\/uploads\\\/2017\\\/11\\\/IMG_0908-1024x768.jpg&quot;,&quot;id&quot;:&quot;2606&quot;,&quot;title&quot;:&quot;IMG_0908&quot;,&quot;alt&quot;:&quot;&quot;,&quot;caption&quot;:&quot;&quot;,&quot;itemprop&quot;:&quot;image&quot;},{&quot;src&quot;:&quot;https:\\\/\\\/www.moulins-badvilbel.de\\\/wp-content\\\/uploads\\\/2017\\\/11\\\/IMG_0907-1024x768.jpg&quot;,&quot;id&quot;:&quot;2605&quot;,&quot;title&quot;:&quot;IMG_0907&quot;,&quot;alt&quot;:&quot;&quot;,&quot;caption&quot;:&quot;&quot;,&quot;itemprop&quot;:&quot;image&quot;},{&quot;src&quot;:&quot;https:\\\/\\\/www.moulins-badvilbel.de\\\/wp-content\\\/uploads\\\/2017\\\/11\\\/IMG_0874-1024x768.jpg&quot;,&quot;id&quot;:&quot;2604&quot;,&quot;title&quot;:&quot;IMG_0874&quot;,&quot;alt&quot;:&quot;&quot;,&quot;caption&quot;:&quot;&quot;,&quot;itemprop&quot;:&quot;image&quot;},{&quot;src&quot;:&quot;https:\\\/\\\/www.moulins-badvilbel.de\\\/wp-content\\\/uploads\\\/2017\\\/11\\\/IMG_0873-1024x768.jpg&quot;,&quot;id&quot;:&quot;2603&quot;,&quot;title&quot;:&quot;IMG_0873&quot;,&quot;alt&quot;:&quot;&quot;,&quot;caption&quot;:&quot;&quot;,&quot;itemprop&quot;:&quot;image&quot;},{&quot;src&quot;:&quot;https:\\\/\\\/www.moulins-badvilbel.de\\\/wp-content\\\/uploads\\\/2017\\\/11\\\/IMG_0872-1024x768.jpg&quot;,&quot;id&quot;:&quot;2602&quot;,&quot;title&quot;:&quot;IMG_0872&quot;,&quot;alt&quot;:&quot;&quot;,&quot;caption&quot;:&quot;&quot;,&quot;itemprop&quot;:&quot;image&quot;},{&quot;src&quot;:&quot;https:\\\/\\\/www.moulins-badvilbel.de\\\/wp-content\\\/uploads\\\/2017\\\/11\\\/IMG_0871-1024x768.jpg&quot;,&quot;id&quot;:&quot;2601&quot;,&quot;title&quot;:&quot;IMG_0871&quot;,&quot;alt&quot;:&quot;&quot;,&quot;caption&quot;:&quot;&quot;,&quot;itemprop&quot;:&quot;image&quot;}]\" itemscope itemtype=\"https:\/\/schema.org\/ImageGallery\"><\/div>\n","protected":false},"excerpt":{"rendered":"<p>Die Veranstaltung des Partnerschaftsvereines Moulins-Bad Vilbel am 18.11.2017 hat nachhaltig beeindruckt. Die Sch\u00fclerinnen und Sch\u00fcler der Freien Waldorfschule Frankfurt am Main pr\u00e4sentierten erinen wundervollen Chanson-Abend. Grund genug, mit den nachfolgenden Fotos und einem kurzem Video noch einmal daran zu erinnern.<\/p>\n","protected":false},"author":1,"featured_media":0,"parent":586,"menu_order":0,"comment_status":"closed","ping_status":"closed","template":"","meta":{"ngg_post_thumbnail":0,"footnotes":""},"class_list":["post-2611","page","type-page","status-publish","hentry"],"jetpack_shortlink":"https:\/\/wp.me\/P2eGg5-G7","jetpack_sharing_enabled":true,"publishpress_future_action":{"enabled":false,"date":"2026-05-13 13:14:55","action":"change-status","newStatus":"draft","terms":[],"taxonomy":"","extraData":[]},"publishpress_future_workflow_manual_trigger":{"enabledWorkflows":[]},"_links":{"self":[{"href":"https:\/\/www.moulins-badvilbel.de\/index.php?rest_route=\/wp\/v2\/pages\/2611","targetHints":{"allow":["GET"]}}],"collection":[{"href":"https:\/\/www.moulins-badvilbel.de\/index.php?rest_route=\/wp\/v2\/pages"}],"about":[{"href":"https:\/\/www.moulins-badvilbel.de\/index.php?rest_route=\/wp\/v2\/types\/page"}],"author":[{"embeddable":true,"href":"https:\/\/www.moulins-badvilbel.de\/index.php?rest_route=\/wp\/v2\/users\/1"}],"replies":[{"embeddable":true,"href":"https:\/\/www.moulins-badvilbel.de\/index.php?rest_route=%2Fwp%2Fv2%2Fcomments&post=2611"}],"version-history":[{"count":0,"href":"https:\/\/www.moulins-badvilbel.de\/index.php?rest_route=\/wp\/v2\/pages\/2611\/revisions"}],"up":[{"embeddable":true,"href":"https:\/\/www.moulins-badvilbel.de\/index.php?rest_route=\/wp\/v2\/pages\/586"}],"wp:attachment":[{"href":"https:\/\/www.moulins-badvilbel.de\/index.php?rest_route=%2Fwp%2Fv2%2Fmedia&parent=2611"}],"curies":[{"name":"wp","href":"https:\/\/api.w.org\/{rel}","templated":true}]}}