{"id":1659,"date":"2013-09-16T22:03:17","date_gmt":"2013-09-16T21:03:17","guid":{"rendered":"http:\/\/www.moulins-badvilbel.de\/?page_id=1659"},"modified":"2019-04-26T15:39:02","modified_gmt":"2019-04-26T14:39:02","slug":"conversation-francaise","status":"publish","type":"page","link":"https:\/\/www.moulins-badvilbel.de\/?page_id=1659","title":{"rendered":"Conversation francaise"},"content":{"rendered":"<div title=\"Page 1\"><span style=\"color: #ff0000;\"><strong>Der Partnerschaftsverein Moulins-Bad Vilbel empfiehlt folgende Veranstaltung der\u00a0<span style=\"color: #ff0000; font-family: 'Comic Sans MS', sans-serif; font-size: medium;\">B\u00fcrgeraktive Bad Vilbel e. V.<\/span><\/strong><\/span><\/div>\n<h1>conversation francaise<\/h1>\n<div dir=\"ltr\">\n<div>\n<div>\n<div dir=\"ltr\">\n<div>\n<p class=\"tiny_p\">Angesprochen sind Menschen, die die franz\u00f6sische Sprache und Kultur m\u00f6gen und Lust haben, Ihre Franz\u00f6sischkenntnisse im lockeren Gespr\u00e4ch und entspannter Atmosph\u00e4re auszuprobieren und aufzufrischen. Muttersprachler sind willkommen. Haben Sie Lust? Dann melden Sie sich einfach bei uns,<\/p>\n<p class=\"tiny_p\">\u00e0 bient\u00f4t,<\/p>\n<p class=\"tiny_p\"><strong>Zeiten:<\/strong> Jeden Mittwoch von 15 bis 16 Uhr<br \/>\n<strong>Ort:<\/strong> Haus der Begegnung, Marktplatz 2, Bad Vilbel<br \/>\n<strong>Infos:<\/strong> Selbsthilfekontaktstelle B\u00fcrgeraktive, Tel. 06101\/1384<\/p>\n<div><\/div>\n<\/div>\n<\/div>\n<\/div>\n<\/div>\n<\/div>\n<p>&nbsp;<\/p>\n<div title=\"Page 1\">\n<style type=\"text\/css\">#map_1 {clear: both; padding: 0px; margin: 0px; border: 0px; width: 100%; height: 100%; margin-top:0px; margin-right:0px;margin-left:0px; margin-bottom:0px; left: 0px; border-radius:0px;\nbox-shadow: none;}#map_1 img{clear: both; padding: 0px; margin: 0px; border: 0px; width: 100%; height: 100%; position: absolute; margin-top:0px; margin-right:0px;margin-left:0px; margin-bottom:0px; border-radius:0px;\nbox-shadow: none;}<\/style><div id=\"map_1\" class=\"OSM_Map\" style=\"width:600px; height:450px; overflow:hidden;padding:0px;border:none;\"><script type=\"text\/javascript\">\/* <![CDATA[ *\/(function($) { OpenLayers.ImgPath = \"https:\/\/www.moulins-badvilbel.de\/wp-content\/plugins\/osm\/themes\/ol\/\"; map_1 = new OpenLayers.Map (\"map_1\", {            controls:[              new OpenLayers.Control.Navigation(),              new OpenLayers.Control.PanZoom(),              new OpenLayers.Control.Attribution()              ],          maxExtent: new OpenLayers.Bounds(-20037508.34,-20037508.34,20037508.34,20037508.34),          maxResolution: 156543.0399,          numZoomLevels: 19,          units: \"m\",          projection: new OpenLayers.Projection(\"EPSG:900913\"),          displayProjection: new OpenLayers.Projection(\"EPSG:4326\")      } );var layerMapnik = new OpenLayers.Layer.OSM.Mapnik(\"Mapnik\");var layerCycle  = new OpenLayers.Layer.OSM.CycleMap(\"CycleMap\");map_1.addLayers([layerMapnik, layerCycle]);map_1.addControl(new OpenLayers.Control.LayerSwitcher());var lonLat = new OpenLayers.LonLat(8.744,50.183).transform(map_1.displayProjection, map_1.projection);map_1.setCenter (lonLat,18);var lonLat = new OpenLayers.LonLat(8.744,50.183).transform(map_1.displayProjection, map_1.projection);map_1.setCenter (lonLat,18);})(jQuery)\/* ]]> *\/ <\/script><\/div>\n<\/div>\n","protected":false},"excerpt":{"rendered":"<p>Der Partnerschaftsverein Moulins-Bad Vilbel empfiehlt folgende Veranstaltung der\u00a0B\u00fcrgeraktive Bad Vilbel e. V. conversation francaise Angesprochen sind Menschen, die die franz\u00f6sische Sprache und Kultur m\u00f6gen und Lust haben, Ihre Franz\u00f6sischkenntnisse im lockeren Gespr\u00e4ch und entspannter Atmosph\u00e4re auszuprobieren und aufzufrischen. Muttersprachler sind willkommen. Haben Sie Lust? Dann melden Sie sich einfach bei uns, \u00e0 bient\u00f4t, Zeiten: Jeden [&hellip;]<\/p>\n","protected":false},"author":1,"featured_media":0,"parent":269,"menu_order":0,"comment_status":"closed","ping_status":"closed","template":"sidebar-page.php","meta":{"ngg_post_thumbnail":0,"footnotes":""},"class_list":["post-1659","page","type-page","status-publish","hentry"],"jetpack_shortlink":"https:\/\/wp.me\/P2eGg5-qL","jetpack_sharing_enabled":true,"publishpress_future_action":{"enabled":false,"date":"2026-04-23 07:37:08","action":"change-status","newStatus":"draft","terms":[],"taxonomy":"","extraData":[]},"publishpress_future_workflow_manual_trigger":{"enabledWorkflows":[]},"_links":{"self":[{"href":"https:\/\/www.moulins-badvilbel.de\/index.php?rest_route=\/wp\/v2\/pages\/1659","targetHints":{"allow":["GET"]}}],"collection":[{"href":"https:\/\/www.moulins-badvilbel.de\/index.php?rest_route=\/wp\/v2\/pages"}],"about":[{"href":"https:\/\/www.moulins-badvilbel.de\/index.php?rest_route=\/wp\/v2\/types\/page"}],"author":[{"embeddable":true,"href":"https:\/\/www.moulins-badvilbel.de\/index.php?rest_route=\/wp\/v2\/users\/1"}],"replies":[{"embeddable":true,"href":"https:\/\/www.moulins-badvilbel.de\/index.php?rest_route=%2Fwp%2Fv2%2Fcomments&post=1659"}],"version-history":[{"count":2,"href":"https:\/\/www.moulins-badvilbel.de\/index.php?rest_route=\/wp\/v2\/pages\/1659\/revisions"}],"predecessor-version":[{"id":2851,"href":"https:\/\/www.moulins-badvilbel.de\/index.php?rest_route=\/wp\/v2\/pages\/1659\/revisions\/2851"}],"up":[{"embeddable":true,"href":"https:\/\/www.moulins-badvilbel.de\/index.php?rest_route=\/wp\/v2\/pages\/269"}],"wp:attachment":[{"href":"https:\/\/www.moulins-badvilbel.de\/index.php?rest_route=%2Fwp%2Fv2%2Fmedia&parent=1659"}],"curies":[{"name":"wp","href":"https:\/\/api.w.org\/{rel}","templated":true}]}}