{"id":1606,"date":"2013-06-18T23:42:24","date_gmt":"2013-06-18T22:42:24","guid":{"rendered":"http:\/\/www.moulins-badvilbel.de\/?page_id=1606"},"modified":"2013-06-18T23:43:01","modified_gmt":"2013-06-18T22:43:01","slug":"die-stadtkapelle-bad-vilbel-in-moulins","status":"publish","type":"page","link":"https:\/\/www.moulins-badvilbel.de\/?page_id=1606","title":{"rendered":"Die Stadtkapelle Bad Vilbel in Moulins"},"content":{"rendered":"<p>Im Mai 2013 besuchte die Bad Vilbeler Stadtkapelle die Partnerstadt Moulins.<br \/>\nUnd hier sind die passenden Fotos dazu.<\/p>\n<p><strong><span style=\"color: #0000ff;\">Vergr\u00f6\u00dferung durch das Klicken in das Foto.<\/span><\/strong><\/p>\n<p><strong><span style=\"color: #0000ff;\">Fotopr\u00e4sentation starten durch klicken auf [Mit PicLens anzeigen]<\/span><\/strong><\/p>\n<p><strong><span style=\"color: #0000ff;\">In der Pr\u00e4sentationsansicht findet sich rechts unten ein kleiner wei\u00dfer Mini-Bildschirm mit vier Pfeilen. Diesen anklicken, um eine Bildschirm f\u00fcllende Pr\u00e4sentation zu sehen.<\/span><\/strong><\/p>\n<p><strong><span style=\"color: #0000ff;\">In der Fotopr\u00e4sentation findet sich rechts oben ein X, dieses anklicken, um die Pr\u00e4sentation zu verlassen.<br \/>\nngg_shortcode_0_placeholder<br \/>\n<\/span><\/strong><\/p>\n","protected":false},"excerpt":{"rendered":"<p>Im Mai 2013 besuchte die Bad Vilbeler Stadtkapelle die Partnerstadt Moulins. Und hier sind die passenden Fotos dazu. Vergr\u00f6\u00dferung durch das Klicken in das Foto. Fotopr\u00e4sentation starten durch klicken auf [Mit PicLens anzeigen] In der Pr\u00e4sentationsansicht findet sich rechts unten ein kleiner wei\u00dfer Mini-Bildschirm mit vier Pfeilen. Diesen anklicken, um eine Bildschirm f\u00fcllende Pr\u00e4sentation zu [&hellip;]<\/p>\n","protected":false},"author":1,"featured_media":0,"parent":586,"menu_order":89,"comment_status":"closed","ping_status":"closed","template":"","meta":{"ngg_post_thumbnail":0,"footnotes":""},"class_list":["post-1606","page","type-page","status-publish","hentry"],"jetpack_shortlink":"https:\/\/wp.me\/P2eGg5-pU","jetpack_sharing_enabled":true,"publishpress_future_action":{"enabled":false,"date":"2026-04-21 12:40:05","action":"change-status","newStatus":"draft","terms":[],"taxonomy":"","extraData":[]},"publishpress_future_workflow_manual_trigger":{"enabledWorkflows":[]},"_links":{"self":[{"href":"https:\/\/www.moulins-badvilbel.de\/index.php?rest_route=\/wp\/v2\/pages\/1606","targetHints":{"allow":["GET"]}}],"collection":[{"href":"https:\/\/www.moulins-badvilbel.de\/index.php?rest_route=\/wp\/v2\/pages"}],"about":[{"href":"https:\/\/www.moulins-badvilbel.de\/index.php?rest_route=\/wp\/v2\/types\/page"}],"author":[{"embeddable":true,"href":"https:\/\/www.moulins-badvilbel.de\/index.php?rest_route=\/wp\/v2\/users\/1"}],"replies":[{"embeddable":true,"href":"https:\/\/www.moulins-badvilbel.de\/index.php?rest_route=%2Fwp%2Fv2%2Fcomments&post=1606"}],"version-history":[{"count":0,"href":"https:\/\/www.moulins-badvilbel.de\/index.php?rest_route=\/wp\/v2\/pages\/1606\/revisions"}],"up":[{"embeddable":true,"href":"https:\/\/www.moulins-badvilbel.de\/index.php?rest_route=\/wp\/v2\/pages\/586"}],"wp:attachment":[{"href":"https:\/\/www.moulins-badvilbel.de\/index.php?rest_route=%2Fwp%2Fv2%2Fmedia&parent=1606"}],"curies":[{"name":"wp","href":"https:\/\/api.w.org\/{rel}","templated":true}]}}