{"id":1302,"date":"2012-09-16T20:56:59","date_gmt":"2012-09-16T19:56:59","guid":{"rendered":"http:\/\/www.moulins-badvilbel.de\/?page_id=1302"},"modified":"2012-09-16T21:17:10","modified_gmt":"2012-09-16T20:17:10","slug":"besuch-der-kelten-welten-auf-dem-glauberg","status":"publish","type":"page","link":"https:\/\/www.moulins-badvilbel.de\/?page_id=1302","title":{"rendered":"Besuch der Kelten-Welten auf dem Glauberg"},"content":{"rendered":"<p><span style=\"color: #0000ff;\"><strong>Vergr\u00f6\u00dferung durch das Klicken in das Foto.<\/strong><\/span><\/p>\n<p><span style=\"color: #0000ff;\"><strong>Fotopr\u00e4sentation starten durch klicken auf <a><span style=\"color: #0000ff;\">[Mit PicLens anzeigen] <\/span><\/a><\/strong><\/span><\/p>\n<p><span style=\"color: #0000ff;\"><strong>In der Pr\u00e4sentationsansicht findet sich rechts unten ein kleiner wei\u00dfer Mini-Bildschirm mit vier Pfeilen. Diesen anklicken, um eine Bildschirm f\u00fcllende Pr\u00e4sentation zu sehen.<\/strong><\/span><\/p>\n<p><span style=\"color: #0000ff;\"><strong>In der Fotopr\u00e4sentation findet sich rechts oben ein X, dieses anklicken, um die Pr\u00e4sentation zu verlassen.<\/strong><\/span><\/p>\n<p><strong>\u00a0<\/strong>ngg_shortcode_0_placeholder<\/p>\n","protected":false},"excerpt":{"rendered":"<p>Vergr\u00f6\u00dferung durch das Klicken in das Foto. Fotopr\u00e4sentation starten durch klicken auf [Mit PicLens anzeigen] In der Pr\u00e4sentationsansicht findet sich rechts unten ein kleiner wei\u00dfer Mini-Bildschirm mit vier Pfeilen. Diesen anklicken, um eine Bildschirm f\u00fcllende Pr\u00e4sentation zu sehen. In der Fotopr\u00e4sentation findet sich rechts oben ein X, dieses anklicken, um die Pr\u00e4sentation zu verlassen. \u00a0<\/p>\n","protected":false},"author":1,"featured_media":0,"parent":586,"menu_order":90,"comment_status":"closed","ping_status":"open","template":"","meta":{"ngg_post_thumbnail":0,"footnotes":""},"class_list":["post-1302","page","type-page","status-publish","hentry"],"jetpack_shortlink":"https:\/\/wp.me\/P2eGg5-l0","jetpack_sharing_enabled":true,"publishpress_future_action":{"enabled":false,"date":"2026-04-24 12:20:26","action":"change-status","newStatus":"draft","terms":[],"taxonomy":"","extraData":[]},"publishpress_future_workflow_manual_trigger":{"enabledWorkflows":[]},"_links":{"self":[{"href":"https:\/\/www.moulins-badvilbel.de\/index.php?rest_route=\/wp\/v2\/pages\/1302","targetHints":{"allow":["GET"]}}],"collection":[{"href":"https:\/\/www.moulins-badvilbel.de\/index.php?rest_route=\/wp\/v2\/pages"}],"about":[{"href":"https:\/\/www.moulins-badvilbel.de\/index.php?rest_route=\/wp\/v2\/types\/page"}],"author":[{"embeddable":true,"href":"https:\/\/www.moulins-badvilbel.de\/index.php?rest_route=\/wp\/v2\/users\/1"}],"replies":[{"embeddable":true,"href":"https:\/\/www.moulins-badvilbel.de\/index.php?rest_route=%2Fwp%2Fv2%2Fcomments&post=1302"}],"version-history":[{"count":0,"href":"https:\/\/www.moulins-badvilbel.de\/index.php?rest_route=\/wp\/v2\/pages\/1302\/revisions"}],"up":[{"embeddable":true,"href":"https:\/\/www.moulins-badvilbel.de\/index.php?rest_route=\/wp\/v2\/pages\/586"}],"wp:attachment":[{"href":"https:\/\/www.moulins-badvilbel.de\/index.php?rest_route=%2Fwp%2Fv2%2Fmedia&parent=1302"}],"curies":[{"name":"wp","href":"https:\/\/api.w.org\/{rel}","templated":true}]}}